{"id":18,"date":"2017-12-12T15:23:09","date_gmt":"2017-12-12T15:23:09","guid":{"rendered":"http:\/\/dev.ehomtb.de\/?page_id=18"},"modified":"2018-05-24T13:02:53","modified_gmt":"2018-05-24T12:02:53","slug":"fahrtechniktraining","status":"publish","type":"page","link":"https:\/\/ehomtb.de\/?page_id=18","title":{"rendered":"Fahrtechniktraining"},"content":{"rendered":"<h3><img loading=\"lazy\" decoding=\"async\" class=\"aligncenter size-full wp-image-449\" src=\"http:\/\/dev.ehomtb.de\/wp-content\/uploads\/2018\/01\/Rahmen-f\u00fcr-Fotoleiste-quer-FTT.jpg\" alt=\"\" width=\"1600\" height=\"200\" srcset=\"https:\/\/ehomtb.de\/wp-content\/uploads\/2018\/01\/Rahmen-f\u00fcr-Fotoleiste-quer-FTT.jpg 1600w, https:\/\/ehomtb.de\/wp-content\/uploads\/2018\/01\/Rahmen-f\u00fcr-Fotoleiste-quer-FTT-300x38.jpg 300w, https:\/\/ehomtb.de\/wp-content\/uploads\/2018\/01\/Rahmen-f\u00fcr-Fotoleiste-quer-FTT-768x96.jpg 768w, https:\/\/ehomtb.de\/wp-content\/uploads\/2018\/01\/Rahmen-f\u00fcr-Fotoleiste-quer-FTT-1024x128.jpg 1024w\" sizes=\"(max-width: 1600px) 100vw, 1600px\" \/><\/h3>\n<h3 style=\"text-align: center;\"><span style=\"color: #808080;\"><strong>MTB-Fahrtechniktraining in 3 verschiedenen Levels<\/strong><\/span><\/h3>\n<hr \/>\n<p><em>F\u00fcr alle, die sich auf dem Mountainbike sicherer f\u00fchlen wollen!<br \/>\nAuch f\u00fcr eMTB geeignet!<\/em><\/p>\n<p>Angeboten werden Gruppentrainings in 3 verschiedenen Levels,<br \/>\nsowie individuelles\u00a0Gruppen- und auch\u00a0Einzeltraining.<br \/>\nAuch heuer gibt es die M\u00f6glichkeit, als\u00a0Paar\u00a0ein individuelles Training zu besuchen.<\/p>\n<p>Viel Spa\u00df macht auch ein\u00a0individueller\u00a0Trainingstag mit Freunden oder Kollegen<br \/>\nmit speziell ausgew\u00e4hltem Programm. Einfach mal anfragen!<\/p>\n<p>Es wird immer in kleinen Gruppen mit maximal 8 Teilnehmern trainiert.<br \/>\nDadurch ist ein effizientes Training gew\u00e4hrleistet.<br \/>\nDie Mindestteilnehmerzahl pro Gruppentraining betr\u00e4gt 3.<br \/>\nDie Trainingsdauer bei maximaler Gruppengr\u00f6\u00dfe liegt zwischen 4 und 5 Stunden.<\/p>\n<p>Treffpunkt und Start f\u00fcr jedes Gruppentraining ist bei\u00a0<a href=\"http:\/\/www.radsport-rieger.de\/\" target=\"_blank\" rel=\"noopener\">Radsport-Rieger<\/a>\u00a0in Indersbach.\u00a0<a href=\"http:\/\/m.osmtools.de\/0mxPv2vRS5I0mxQi2vRSU4\" target=\"_blank\" rel=\"noopener\">Lageplan hier\u2026<br \/>\n<\/a><br \/>\n<strong>F\u00fcr Mountainbiker, die bereits ein Gruppentraining (Level 1, Level 2, Level 3) bei mir absolviert haben und am gleichen Level erneut teilnehmen wollen, gilt eine um 5.- EUR erm\u00e4\u00dfigte Anmeldegeb\u00fchr (gilt nicht f\u00fcr individuelles Training).<\/strong><\/p>\n<p><span style=\"color: #000080;\"><strong>Das sind die Levels <\/strong>(f\u00fcr detaillierte Beschreibung auf Link klicken)<strong>:<\/strong><\/span><\/p>\n<p><a href=\"http:\/\/ehomtb.de\/?page_id=237\" target=\"_blank\" rel=\"noopener\"><strong>Level 1<\/strong><\/a>\u00a0richtet sich in erster Linie an jene, die mit dem Mountainbiken beginnen wollen und jene, die fahrradtechnische und ganz besonders fahrtechnische Grundkenntnisse kennenlernen wollen.<br \/>\nF\u00fcr alle, die wissen: Mountainbiken ist mehr als Rad fahren!<\/p>\n<p><a href=\"http:\/\/ehomtb.de\/?page_id=246\" target=\"_blank\" rel=\"noopener\"><strong>Level 2<\/strong><\/a>\u00a0ist f\u00fcr alle gedacht, die bereits etwas Bike-Erfahrung haben und sich in Punkto Fahrtechnik weiter entwickeln wollen. Hier werden die Themen aus Level 1 vertieft und viele neue Themen ge\u00fcbt \u2013 ganz viel im Gel\u00e4nde!<\/p>\n<p>Mountainbiker, die das Training im\u00a0<a href=\"http:\/\/ehomtb.de\/?page_id=248\" target=\"_blank\" rel=\"noopener\"><strong>Level 3<\/strong><\/a>\u00a0besuchen, wollen sich an etwas schwierigere Hindernisse, wie Treppen, Steilabfahrten und verblockte Abschnitte wagen, dabei ihr Balancegef\u00fchl und ihre Koordination gezielt schulen.<br \/>\nDabei gibt\u2019s auch Tipps f\u00fcr Touren in den Bergen und den Alpencross!<\/p>\n<p>Wer sich in der Level Einstufung unsicher ist, nimmt bitte\u00a0<a href=\"http:\/\/ehomtb.de\/?page_id=616\" target=\"_blank\" rel=\"noopener\">Kontakt<\/a>\u00a0mit mir auf.<br \/>\nIch berate gerne und stelle bei Bedarf einen Fragebogen zur Ermittlung des richtigen Levels\/Trainings zur Verf\u00fcgung.<\/p>\n<p>Ein\u00a0<a href=\"http:\/\/ehomtb.de\/?page_id=250\" target=\"_blank\" rel=\"noopener\"><strong>individuelles Training<\/strong><\/a> ist praktisch in allen Levels m\u00f6glich und kann als <a href=\"http:\/\/ehomtb.de\/?page_id=250\">Einzel-, Paar- oder Gruppentraining<\/a> angeboten werden.<br \/>\nEs k\u00f6nnen \u00dcbungen bis zum Erreichen der Fahrtechnikfertigkeiten S3 (siehe\u00a0<a href=\"http:\/\/www.singletrail-skala.de\/s3\">www.singletrail-skala.de\/s3<\/a>) angeboten werden.<\/p>\n<p>Das individuelle Training ist auch im Bayerischen Wald oder in den Alpen m\u00f6glich. Ich unterbreite gerne ein Angebot.<br \/>\nUm ein optimales Trainingsprogramm ausarbeiten zu k\u00f6nnen, ist eine\u00a0<a href=\"http:\/\/ehomtb.de\/?page_id=616\" target=\"_blank\" rel=\"noopener\">Kontaktaufnahme<\/a>\u00a0im Vorfeld zur Absprache sinnvoll.<\/p>\n<p>Mit einer Videoanalyse kann bei Bedarf jedes individuelle Training optimiert werden.<br \/>\n<a href=\"http:\/\/ehomtb.de\/?page_id=616\" target=\"_blank\" rel=\"noopener\">Schreibt mir<\/a> Eure W\u00fcnsche und ich werde mich zur Abstimmung und zum Aufzeigen von M\u00f6glichkeiten mit Euch in Verbindung setzen.<\/p>\n<p><strong><em>Und das gilt immer:<br \/>\n<\/em><\/strong><em>Der Schwierigkeitsgrad wird auf die Fertigkeiten und die Bereitschaft der Teilnehmer abgestimmt!<\/em><br \/>\n<em>Niemand wird gezwungen oder \u00fcberredet!<br \/>\nSicherheit steht immer an erster Stelle!<\/em><\/p>\n<p><em>Jede Teilnehmerin\/jeder Teilnehmer soll sich wohlf\u00fchlen &#8211; denn Mountainbiken soll Spa\u00df machen!<\/em><\/p>\n<p><strong>Bei allen Trainings werden Fotos und \/oder Videoaufnahmen gemacht und anschlie\u00dfend den Teilnehmern zur Verf\u00fcgung gestellt.<br \/>\n<\/strong><\/p>\n<p><em>Trainer: Ernst Hochstetter, gepr\u00fcfter und zertifizierter Mountainbikeguide<\/em><\/p>\n","protected":false},"excerpt":{"rendered":"<p>MTB-Fahrtechniktraining in 3 verschiedenen Levels F\u00fcr alle, die sich auf dem Mountainbike sicherer f\u00fchlen wollen! Auch f\u00fcr eMTB geeignet! Angeboten werden Gruppentrainings in 3 verschiedenen Levels, sowie individuelles\u00a0Gruppen- und auch\u00a0Einzeltraining. Auch heuer gibt es die M\u00f6glichkeit, als\u00a0Paar\u00a0ein individuelles Training zu besuchen. Viel Spa\u00df macht auch ein\u00a0individueller\u00a0Trainingstag mit Freunden oder Kollegen mit speziell ausgew\u00e4hltem Programm. Einfach&#8230;<\/p>\n","protected":false},"author":1,"featured_media":0,"parent":26,"menu_order":1,"comment_status":"closed","ping_status":"closed","template":"","meta":{"footnotes":""},"_links":{"self":[{"href":"https:\/\/ehomtb.de\/index.php?rest_route=\/wp\/v2\/pages\/18"}],"collection":[{"href":"https:\/\/ehomtb.de\/index.php?rest_route=\/wp\/v2\/pages"}],"about":[{"href":"https:\/\/ehomtb.de\/index.php?rest_route=\/wp\/v2\/types\/page"}],"author":[{"embeddable":true,"href":"https:\/\/ehomtb.de\/index.php?rest_route=\/wp\/v2\/users\/1"}],"replies":[{"embeddable":true,"href":"https:\/\/ehomtb.de\/index.php?rest_route=%2Fwp%2Fv2%2Fcomments&post=18"}],"version-history":[{"count":19,"href":"https:\/\/ehomtb.de\/index.php?rest_route=\/wp\/v2\/pages\/18\/revisions"}],"predecessor-version":[{"id":789,"href":"https:\/\/ehomtb.de\/index.php?rest_route=\/wp\/v2\/pages\/18\/revisions\/789"}],"up":[{"embeddable":true,"href":"https:\/\/ehomtb.de\/index.php?rest_route=\/wp\/v2\/pages\/26"}],"wp:attachment":[{"href":"https:\/\/ehomtb.de\/index.php?rest_route=%2Fwp%2Fv2%2Fmedia&parent=18"}],"curies":[{"name":"wp","href":"https:\/\/api.w.org\/{rel}","templated":true}]}}