{"id":22,"date":"2017-12-03T17:34:45","date_gmt":"2017-12-03T17:34:45","guid":{"rendered":"http:\/\/dev.ehomtb.de\/?page_id=22"},"modified":"2018-04-09T09:23:19","modified_gmt":"2018-04-09T08:23:19","slug":"ueber-mich","status":"publish","type":"page","link":"https:\/\/ehomtb.de\/?page_id=22","title":{"rendered":"\u00dcber mich"},"content":{"rendered":"<h3><img loading=\"lazy\" decoding=\"async\" class=\"aligncenter size-full wp-image-446\" src=\"http:\/\/dev.ehomtb.de\/wp-content\/uploads\/2018\/01\/Der-Guide-3.jpg\" alt=\"\" width=\"1600\" height=\"200\" srcset=\"https:\/\/ehomtb.de\/wp-content\/uploads\/2018\/01\/Der-Guide-3.jpg 1600w, https:\/\/ehomtb.de\/wp-content\/uploads\/2018\/01\/Der-Guide-3-300x38.jpg 300w, https:\/\/ehomtb.de\/wp-content\/uploads\/2018\/01\/Der-Guide-3-768x96.jpg 768w, https:\/\/ehomtb.de\/wp-content\/uploads\/2018\/01\/Der-Guide-3-1024x128.jpg 1024w\" sizes=\"(max-width: 1600px) 100vw, 1600px\" \/><\/h3>\n<h3><strong><span style=\"color: #808080;\">Ernst Hochstetter<\/span><\/strong><\/h3>\n<p>&nbsp;<\/p>\n<h4><strong><span style=\"color: #27ac13;\"><em>&#8222;Willst du einen Menschen vom Mountainbiken \u00fcberzeugen,<\/em><\/span><\/strong><br \/>\n<strong> <span style=\"color: #27ac13;\"><em>so zeige ihm die Sch\u00f6nheit und Vielfalt der Natur,<\/em><\/span><\/strong><br \/>\n<strong> <span style=\"color: #27ac13;\"><em>und wecke in ihm Entdeckergeist und Abenteuerlust!&#8220;<\/em><\/span><\/strong><\/h4>\n<p>Dieser Satz sagt aus, was f\u00fcr mich Mountainbiken zu einem Gro\u00dfteil bedeutet:<br \/>\nBewegung in der wunderbaren und abwechslungsreichen Natur!<br \/>\nEs ist elementar f\u00fcr mich, Sport draussen zu betreiben. Die Eindr\u00fccke dabei erfreuen Seele, Herz und Geist.<br \/>\nNichts ist gleich, das Bild \u00e4ndert sich st\u00e4ndig, das Licht f\u00e4llt anders, die Pflanzen und Tiere lassen staunen&#8230;und die Landschaft wechselt im Jahresverlauf oft das Kleid.<\/p>\n<p>Und&#8230;<br \/>\n&#8230;kein Weg ist wie der andere. Jeder Weg will entdeckt werden: Wo f\u00fchrt er hin? Bleibt er befahrbar oder muss ich schieben, tragen oder umkehren? Spannend! Auch oder gerade, weil es eine Unmenge an Wegen und Pfaden gibt.<br \/>\nAber auch die bekannten Wege verkn\u00fcpfe ich gerne und eigentlich fast immer zu v\u00f6llig neuen Touren. Ganz, ganz selten fahre ich die gleiche Strecke, eine Hausstrecke habe ich nicht.<\/p>\n<p>Bewusst suche ich mir, so oft es geht, ganz grobe Wege, schwierige Hindernisse und technische Bergaufpassagen. Das schult Koordination und Balance &#8211; auch wenn (oder weil) man(n) \u00fcber 60 ist&#8230;!<\/p>\n<p>Mit dem Mountainbike kann ich das alles machen: Rein in\u00b4s Gel\u00e4nde und das Abenteuer kann beginnen!<\/p>\n<p>Da mein zweites Hobby die Fotografie ist, versteht es sich von selbst, dass ich immer eine kleine Kamera mitf\u00fchre und die sch\u00f6nsten Momente auf Tour im Bild festhalte.<\/p>\n","protected":false},"excerpt":{"rendered":"<p>Ernst Hochstetter &nbsp; &#8222;Willst du einen Menschen vom Mountainbiken \u00fcberzeugen, so zeige ihm die Sch\u00f6nheit und Vielfalt der Natur, und wecke in ihm Entdeckergeist und Abenteuerlust!&#8220; Dieser Satz sagt aus, was f\u00fcr mich Mountainbiken zu einem Gro\u00dfteil bedeutet: Bewegung in der wunderbaren und abwechslungsreichen Natur! Es ist elementar f\u00fcr mich, Sport draussen zu betreiben. Die&#8230;<\/p>\n","protected":false},"author":1,"featured_media":0,"parent":0,"menu_order":0,"comment_status":"closed","ping_status":"closed","template":"","meta":{"footnotes":""},"_links":{"self":[{"href":"https:\/\/ehomtb.de\/index.php?rest_route=\/wp\/v2\/pages\/22"}],"collection":[{"href":"https:\/\/ehomtb.de\/index.php?rest_route=\/wp\/v2\/pages"}],"about":[{"href":"https:\/\/ehomtb.de\/index.php?rest_route=\/wp\/v2\/types\/page"}],"author":[{"embeddable":true,"href":"https:\/\/ehomtb.de\/index.php?rest_route=\/wp\/v2\/users\/1"}],"replies":[{"embeddable":true,"href":"https:\/\/ehomtb.de\/index.php?rest_route=%2Fwp%2Fv2%2Fcomments&post=22"}],"version-history":[{"count":41,"href":"https:\/\/ehomtb.de\/index.php?rest_route=\/wp\/v2\/pages\/22\/revisions"}],"predecessor-version":[{"id":728,"href":"https:\/\/ehomtb.de\/index.php?rest_route=\/wp\/v2\/pages\/22\/revisions\/728"}],"wp:attachment":[{"href":"https:\/\/ehomtb.de\/index.php?rest_route=%2Fwp%2Fv2%2Fmedia&parent=22"}],"curies":[{"name":"wp","href":"https:\/\/api.w.org\/{rel}","templated":true}]}}