{"id":248,"date":"2018-01-02T14:44:03","date_gmt":"2018-01-02T13:44:03","guid":{"rendered":"http:\/\/dev.ehomtb.de\/?page_id=248"},"modified":"2022-09-28T19:01:21","modified_gmt":"2022-09-28T18:01:21","slug":"level-3","status":"publish","type":"page","link":"https:\/\/ehomtb.de\/?page_id=248","title":{"rendered":"Level 3"},"content":{"rendered":"<h3 style=\"text-align: center;\"><strong><span style=\"color: #808080;\">Level 3<\/span><\/strong><\/h3>\n<hr \/>\n<h3 style=\"text-align: center;\">Fortgeschrittene<\/h3>\n<p><strong>Inhalt:<\/strong><\/p>\n<ul>\n<li>Wiederholen der elementarsten Punkte aus dem Aufbaukurs (Level 2)<\/li>\n<li>Optimale Einstellung am Bike f\u00fcr techniklastiges Biken<\/li>\n<li>Anspruchsvolle \u00dcbungen f\u00fcr eine verbesserte Koordination<\/li>\n<li>Spielerische Balance\u00fcbungen<\/li>\n<\/ul>\n<p>Der \u00fcberwiegende Teil des Trainings findet im Rahmen einer abwechslungsreichen Tour statt.<br \/>\nSchwerpunkte dabei sind:<br \/>\n&#8211; Die richtige Position bei Steilabfahrten mit diversen \u00dcbungsm\u00f6glichkeiten<br \/>\n&#8211; Wie fahre ich sehr steile Anstiege entspannter hoch?<br \/>\n&#8211; Treppenfahren<br \/>\n&#8211; Tipps f\u00fcr besseres Singletrail fahren<br \/>\n&#8211; schwierige, verblockte Gel\u00e4ndestufen meistern<br \/>\n&#8211; Und was sonst noch unterwegs ge\u00fcbt werden kann&#8230;<\/p>\n<p><strong>Termin: Wird nicht mehr angeboten<br \/>\n<\/strong><\/p>\n<p><strong>Kosten:<\/strong> \u00a0\u00a0\u00a0\u00a0\u00a0\u00a0\u00a0\u00a0 xx<strong>.- EUR<\/strong><\/p>\n<p><strong>Freie Pl\u00e4tze:\u00a0\u00a0<\/strong><\/p>\n<p><a href=\"http:\/\/dev.ehomtb.de\/?page_id=324\" target=\"_blank\" rel=\"noopener noreferrer\"><strong>Anmelden&#8230;<\/strong><\/a><\/p>\n<p style=\"text-align: right;\"><a href=\"http:\/\/dev.ehomtb.de\/?page_id=237\"><strong>Level 1 hier klicken&#8230;<\/strong><\/a><\/p>\n<p style=\"text-align: right;\"><a href=\"http:\/\/dev.ehomtb.de\/?page_id=246\"><strong>Level 2 hier klicken&#8230;<\/strong><\/a><\/p>\n<p style=\"text-align: right;\"><a href=\"http:\/\/dev.ehomtb.de\/?page_id=250\"><strong>Level individuell hier klicken&#8230;<\/strong><\/a><\/p>\n<p style=\"text-align: right;\"><a href=\"http:\/\/dev.ehomtb.de\/?page_id=18\"><strong>Info und Kurzbeschreibung aller Levels hier klicken&#8230;<\/strong><\/a><\/p>\n","protected":false},"excerpt":{"rendered":"<p>Level 3 Fortgeschrittene Inhalt: Wiederholen der elementarsten Punkte aus dem Aufbaukurs (Level 2) Optimale Einstellung am Bike f\u00fcr techniklastiges Biken Anspruchsvolle \u00dcbungen f\u00fcr eine verbesserte Koordination Spielerische Balance\u00fcbungen Der \u00fcberwiegende Teil des Trainings findet im Rahmen einer abwechslungsreichen Tour statt. Schwerpunkte dabei sind: &#8211; Die richtige Position bei Steilabfahrten mit diversen \u00dcbungsm\u00f6glichkeiten &#8211; Wie fahre&#8230;<\/p>\n","protected":false},"author":1,"featured_media":0,"parent":0,"menu_order":0,"comment_status":"closed","ping_status":"closed","template":"","meta":{"footnotes":""},"_links":{"self":[{"href":"https:\/\/ehomtb.de\/index.php?rest_route=\/wp\/v2\/pages\/248"}],"collection":[{"href":"https:\/\/ehomtb.de\/index.php?rest_route=\/wp\/v2\/pages"}],"about":[{"href":"https:\/\/ehomtb.de\/index.php?rest_route=\/wp\/v2\/types\/page"}],"author":[{"embeddable":true,"href":"https:\/\/ehomtb.de\/index.php?rest_route=\/wp\/v2\/users\/1"}],"replies":[{"embeddable":true,"href":"https:\/\/ehomtb.de\/index.php?rest_route=%2Fwp%2Fv2%2Fcomments&post=248"}],"version-history":[{"count":14,"href":"https:\/\/ehomtb.de\/index.php?rest_route=\/wp\/v2\/pages\/248\/revisions"}],"predecessor-version":[{"id":1061,"href":"https:\/\/ehomtb.de\/index.php?rest_route=\/wp\/v2\/pages\/248\/revisions\/1061"}],"wp:attachment":[{"href":"https:\/\/ehomtb.de\/index.php?rest_route=%2Fwp%2Fv2%2Fmedia&parent=248"}],"curies":[{"name":"wp","href":"https:\/\/api.w.org\/{rel}","templated":true}]}}