{"id":275,"date":"2018-01-02T18:26:46","date_gmt":"2018-01-02T17:26:46","guid":{"rendered":"http:\/\/dev.ehomtb.de\/?page_id=275"},"modified":"2018-05-24T13:04:53","modified_gmt":"2018-05-24T12:04:53","slug":"heimatbiken","status":"publish","type":"page","link":"https:\/\/ehomtb.de\/?page_id=275","title":{"rendered":"Heimatbiken"},"content":{"rendered":"<h3><img loading=\"lazy\" decoding=\"async\" class=\"aligncenter size-full wp-image-439\" src=\"http:\/\/dev.ehomtb.de\/wp-content\/uploads\/2018\/01\/Heimatbiken-1.jpg\" alt=\"\" width=\"1600\" height=\"200\" srcset=\"https:\/\/ehomtb.de\/wp-content\/uploads\/2018\/01\/Heimatbiken-1.jpg 1600w, https:\/\/ehomtb.de\/wp-content\/uploads\/2018\/01\/Heimatbiken-1-300x38.jpg 300w, https:\/\/ehomtb.de\/wp-content\/uploads\/2018\/01\/Heimatbiken-1-768x96.jpg 768w, https:\/\/ehomtb.de\/wp-content\/uploads\/2018\/01\/Heimatbiken-1-1024x128.jpg 1024w\" sizes=\"(max-width: 1600px) 100vw, 1600px\" \/><\/h3>\n<h3 style=\"text-align: center;\"><span style=\"color: #808080;\"><strong>Mit dem Mountainbike durch unsere niederbayerische Heimat.<br \/>\n<\/strong><\/span><\/h3>\n<hr \/>\n<p>Bei uns ist es nicht bergig, nur h\u00fcgelig. Die Anstiege betragen nur bis ca.100 Hm am St\u00fcck. Aber&#8230;<br \/>\n&#8230;unsere Heimat ist abwechslungsreich, gr\u00fcn, mitunter sehr steil, voller landschaftlicher Vielfalt, urspr\u00fcnglich, traditionell, waldreich, mit idyllischen Orten und H\u00f6fen durchsetzt&#8230;und, und, und&#8230;<br \/>\nUnd es existiert ein schier unglaubliches Wege- und Pfadnetz unterschiedlichster Beschaffenheit!<\/p>\n<p>Da ich sehr viel mit dem Bike in meiner Heimat unterwegs bin, kenne ich die meisten dieser Wege.<br \/>\nImmer wieder verkn\u00fcpfe ich diese zu v\u00f6llig neuen Strecken und fahre quasi nie die gleiche Tour.<br \/>\nDas macht f\u00fcr mich auch den Reiz des Mountainbikens aus.<br \/>\nOder anders ausgedr\u00fcckt:<\/p>\n<p><span style=\"color: #808080;\"><strong>Es ist Freiheit ohne Grenzen!<\/strong><\/span><\/p>\n<p>Und eben an diesem Gef\u00fchl von Freiheit will ich Euch gerne teilhaben lassen und biete gef\u00fchrte Touren in unserer sch\u00f6nen Heimat an.<\/p>\n<p>&nbsp;<\/p>\n<h4><span style=\"color: #808080;\"><strong>Meine &#8222;Touren zu Hause&#8220;:<\/strong><\/span><\/h4>\n<p><a href=\"http:\/\/ehomtb.de\/?page_id=425\"><strong>Tour 1: Trails, Treppen, steile Geschichte<\/strong><\/a><\/p>\n<p><a href=\"http:\/\/ehomtb.de\/?page_id=558\"><strong>Tour 2: Schnupper- und Einsteigertour<\/strong><\/a><\/p>\n<p>&#8230;weitere folgen<\/p>\n","protected":false},"excerpt":{"rendered":"<p>Mit dem Mountainbike durch unsere niederbayerische Heimat. Bei uns ist es nicht bergig, nur h\u00fcgelig. Die Anstiege betragen nur bis ca.100 Hm am St\u00fcck. Aber&#8230; &#8230;unsere Heimat ist abwechslungsreich, gr\u00fcn, mitunter sehr steil, voller landschaftlicher Vielfalt, urspr\u00fcnglich, traditionell, waldreich, mit idyllischen Orten und H\u00f6fen durchsetzt&#8230;und, und, und&#8230; Und es existiert ein schier unglaubliches Wege- und&#8230;<\/p>\n","protected":false},"author":1,"featured_media":0,"parent":26,"menu_order":2,"comment_status":"closed","ping_status":"closed","template":"","meta":{"footnotes":""},"_links":{"self":[{"href":"https:\/\/ehomtb.de\/index.php?rest_route=\/wp\/v2\/pages\/275"}],"collection":[{"href":"https:\/\/ehomtb.de\/index.php?rest_route=\/wp\/v2\/pages"}],"about":[{"href":"https:\/\/ehomtb.de\/index.php?rest_route=\/wp\/v2\/types\/page"}],"author":[{"embeddable":true,"href":"https:\/\/ehomtb.de\/index.php?rest_route=\/wp\/v2\/users\/1"}],"replies":[{"embeddable":true,"href":"https:\/\/ehomtb.de\/index.php?rest_route=%2Fwp%2Fv2%2Fcomments&post=275"}],"version-history":[{"count":36,"href":"https:\/\/ehomtb.de\/index.php?rest_route=\/wp\/v2\/pages\/275\/revisions"}],"predecessor-version":[{"id":790,"href":"https:\/\/ehomtb.de\/index.php?rest_route=\/wp\/v2\/pages\/275\/revisions\/790"}],"up":[{"embeddable":true,"href":"https:\/\/ehomtb.de\/index.php?rest_route=\/wp\/v2\/pages\/26"}],"wp:attachment":[{"href":"https:\/\/ehomtb.de\/index.php?rest_route=%2Fwp%2Fv2%2Fmedia&parent=275"}],"curies":[{"name":"wp","href":"https:\/\/api.w.org\/{rel}","templated":true}]}}