{"id":57,"date":"2017-12-12T16:05:48","date_gmt":"2017-12-12T15:05:48","guid":{"rendered":"http:\/\/dev.ehomtb.de\/?page_id=57"},"modified":"2021-04-15T12:03:30","modified_gmt":"2021-04-15T11:03:30","slug":"aktuelles","status":"publish","type":"page","link":"https:\/\/ehomtb.de\/?page_id=57","title":{"rendered":"Aktuelles"},"content":{"rendered":"\n<div class=\"wp-block-group\"><div class=\"wp-block-group__inner-container is-layout-flow wp-block-group-is-layout-flow\">\n<h3 style=\"text-align: center;\"><span style=\"color: #808080;\"><strong>Aktuelles von ehoMountainbike<\/strong><\/span><\/h3>\n<hr \/>\n<p><em><br \/>Geschrieben am 15.04.2021 <\/em><em><br \/><strong>ehoMTB Fahrtechniktrainings abgesagt<\/strong><strong><br \/><\/strong>Alle f\u00fcr 2021 geplanten Fahrtechniktrainings sind hiermit coronabedingt abgesagt.<br \/><br \/><br \/><\/em><em><strong>**************************************<\/strong><\/em><\/p>\n<p><em>Geschrieben am 31.12.2020 <\/em><em><br \/><img loading=\"lazy\" decoding=\"async\" class=\"aligncenter size-full wp-image-1045\" src=\"http:\/\/ehomtb.de\/wp-content\/uploads\/2020\/12\/Neujahr-2021-P1250399-1200Pix.jpg\" alt=\"\" width=\"1200\" height=\"675\" srcset=\"https:\/\/ehomtb.de\/wp-content\/uploads\/2020\/12\/Neujahr-2021-P1250399-1200Pix.jpg 1200w, https:\/\/ehomtb.de\/wp-content\/uploads\/2020\/12\/Neujahr-2021-P1250399-1200Pix-300x169.jpg 300w, https:\/\/ehomtb.de\/wp-content\/uploads\/2020\/12\/Neujahr-2021-P1250399-1200Pix-1024x576.jpg 1024w, https:\/\/ehomtb.de\/wp-content\/uploads\/2020\/12\/Neujahr-2021-P1250399-1200Pix-150x84.jpg 150w, https:\/\/ehomtb.de\/wp-content\/uploads\/2020\/12\/Neujahr-2021-P1250399-1200Pix-768x432.jpg 768w\" sizes=\"(max-width: 1200px) 100vw, 1200px\" \/><br \/><\/em><\/p>\n<p><em><strong>**************************************<\/strong><\/em><\/p>\n<p><em><br \/>Geschrieben am 24.12.2020 <\/em><em><br \/><img loading=\"lazy\" decoding=\"async\" class=\"aligncenter size-full wp-image-1043\" src=\"http:\/\/ehomtb.de\/wp-content\/uploads\/2020\/12\/P1250412.jpg\" alt=\"\" width=\"1200\" height=\"728\" srcset=\"https:\/\/ehomtb.de\/wp-content\/uploads\/2020\/12\/P1250412.jpg 1200w, https:\/\/ehomtb.de\/wp-content\/uploads\/2020\/12\/P1250412-300x182.jpg 300w, https:\/\/ehomtb.de\/wp-content\/uploads\/2020\/12\/P1250412-1024x621.jpg 1024w, https:\/\/ehomtb.de\/wp-content\/uploads\/2020\/12\/P1250412-150x91.jpg 150w, https:\/\/ehomtb.de\/wp-content\/uploads\/2020\/12\/P1250412-768x466.jpg 768w\" sizes=\"(max-width: 1200px) 100vw, 1200px\" \/><br \/><\/em><\/p>\n<p><em><strong>**************************************<\/strong><\/em><\/p>\n<p><em><br \/>Geschrieben am 07.12.2020 <\/em><em><br \/><strong>Gutscheine als Weihnachtsgeschenk f\u00fcr Mountainbiker<\/strong><strong><br \/><\/strong>F\u00fcr jede Art von Fahrtechniktraining k\u00f6nnen gerne Gutscheine ausgestellt werden.<br \/>Diese sind nicht termingebunden und haben kein Verfalldatum!<br \/>Schreibt mir einfach Euren Wunsch. Kontakt <a href=\"http:\/\/ehomtb.de\/?page_id=616\" target=\"_blank\" rel=\"noopener noreferrer\">hier&#8230;<\/a><br \/><\/em><\/p>\n<p><em><strong>**************************************<\/strong><\/em><\/p>\n<p><em>Geschrieben am 07.12.2020 <\/em><em><br \/><strong>Termine 2021<\/strong><strong> MTB-Fahrtechnik-Training<br \/><\/strong>Die ersten Termine f\u00fcr die Fahrtechniktrainings sind online.<br \/><a href=\"http:\/\/ehomtb.de\/?page_id=237\" target=\"_blank\" rel=\"noopener noreferrer\">Level 1<\/a> &#8211; <a href=\"http:\/\/ehomtb.de\/?page_id=246\" target=\"_blank\" rel=\"noopener noreferrer\">Level 2<\/a> &#8211; <a href=\"http:\/\/ehomtb.de\/?page_id=248\" target=\"_blank\" rel=\"noopener noreferrer\">Level 3<\/a><br \/><\/em><\/p>\n<p><em><strong>**************************************<\/strong><\/em><\/p>\n<p><em><br \/>Geschrieben am 21.09.2020 <\/em><em><br \/><strong>ehoMTB-SommerSaisonAbschlussTour f\u00e4llt aus<\/strong><strong><br \/><\/strong>Die f\u00fcr kommenden Sonntag geplante Tour kann leider nicht stattfinden. <\/em><\/p>\n<p><em><strong>**************************************<\/strong><\/em><\/p>\n<p><em>Geschrieben am 21.07.2020<\/em><strong><em><br \/><\/em><\/strong><strong><em>Alpencross F\u00fcssen-Comersee f\u00fcr Multicycle-Tours<\/em><\/strong><strong><em><br \/><\/em><\/strong>SO einen Mountainbike-Alpencross gab\u00b4s bestimmt noch NIE:<br \/>7 Remscheider Freunde mit Durchschnittsalter 66(!!!), mit dem beinamputierten Thomas Merten, bergauf alle extrem schnell, wagten sich auf der Strecke F\u00fcssen-Comersee zum ersten Mal an das Abenteuer Transalp \u2013 nur mit Muskelkraft! <br \/>Dabei bewiesen sie eindrucksvoll, dass weder das Alter (4 Teilnehmer \u00fcber 70!), noch eine schwere k\u00f6rperliche Einschr\u00e4nkung ein Grund sein m\u00fcssen, nicht aktiv sein zu k\u00f6nnen.<br \/>Besonders der einbeinige 64 j\u00e4hrige Thomas Merten fuhr unglaublich stark, immer vorne dabei, die steilsten Anstiege meisternd, fahrtechnisch versiert. <br \/>H\u00e4tte ich es nicht selber erlebt, ich w\u00fcrde es nicht glauben!<br \/>Und wenn\u00b4s dann wirklich mal zu lange zu steil wurde, unterst\u00fctzten ihn seine Freunde und schoben ihn mit hoch. Deren R\u00e4der wurden dabei von den restlichen Freunden mit gef\u00fchrt. Super anstrengend f\u00fcr alle, aber echtes, gelebtes freundschaftliches Teamwork !!!<\/p>\n<p>Auch der sehr flexible Shuttle-Service von Multicycle-Tours trug zum Gelingen dieser mehr als ungew\u00f6hnlichen Transalp bei.<br \/>War es doch damit m\u00f6glich, dass am Serpentinenanstieg nach Forcola di Livigno f\u00fcr Thomas Merten die Gehst\u00f6cke entgegen getragen wurden und Thomas die restliche Strecke des Anstiegs damit meistern konnte.<\/p>\n<p>Auch wenn ich als Guide k\u00f6rperlich extrem gefordert war, so war es mir eine sehr gro\u00dfe Freude, die \u201eBergischen Jungs\u201c \u2013 wie sie sich selber bezeichnen \u2013 zu begleiten. Denn dabei habe ich neue und gro\u00dfartige Erfahrungen gemacht!<br \/>Und es zeigte sich wieder mal: Allein der Wille ist entscheidend und aufgeben und jammern ist keine Option!!!<\/p>\n<p>Ride on!<\/p>\n<p>Bilder von dieser aussergew\u00f6hnlichen Tour <a href=\"http:\/\/ehomtb.de\/?bwg_gallery=transalp-der-bergischen-jung\">hier\u2026<\/a><\/p>\n<p><img loading=\"lazy\" decoding=\"async\" class=\"aligncenter size-full wp-image-1004\" src=\"http:\/\/ehomtb.de\/wp-content\/uploads\/2020\/09\/20200718_083330-scaled.jpg\" alt=\"\" width=\"2560\" height=\"1440\" srcset=\"https:\/\/ehomtb.de\/wp-content\/uploads\/2020\/09\/20200718_083330-scaled.jpg 2560w, https:\/\/ehomtb.de\/wp-content\/uploads\/2020\/09\/20200718_083330-300x169.jpg 300w, https:\/\/ehomtb.de\/wp-content\/uploads\/2020\/09\/20200718_083330-1024x576.jpg 1024w, https:\/\/ehomtb.de\/wp-content\/uploads\/2020\/09\/20200718_083330-150x84.jpg 150w, https:\/\/ehomtb.de\/wp-content\/uploads\/2020\/09\/20200718_083330-768x432.jpg 768w, https:\/\/ehomtb.de\/wp-content\/uploads\/2020\/09\/20200718_083330-1536x864.jpg 1536w, https:\/\/ehomtb.de\/wp-content\/uploads\/2020\/09\/20200718_083330-2048x1152.jpg 2048w\" sizes=\"(max-width: 2560px) 100vw, 2560px\" \/><\/p>\n<p><strong>**************************************<\/strong><\/p>\n<p><em>eschrieben am 28.06.2020 <\/em><em><br \/><strong>Level 2 MTB-Fahrtechniktraining am 28. Juni<\/strong><strong><br \/><\/strong>Ein super Training mit 3 Frauen und 4 M\u00e4nnern, die das ganze Programm trotz 30 Grad Hitze klasse mitgemacht und sich fahrtechnisch stark verbessert haben.<br \/><img loading=\"lazy\" decoding=\"async\" class=\"aligncenter size-full wp-image-1003\" src=\"http:\/\/ehomtb.de\/wp-content\/uploads\/2020\/09\/P1220493a.jpg\" alt=\"\" width=\"1000\" height=\"563\" srcset=\"https:\/\/ehomtb.de\/wp-content\/uploads\/2020\/09\/P1220493a.jpg 1000w, https:\/\/ehomtb.de\/wp-content\/uploads\/2020\/09\/P1220493a-300x169.jpg 300w, https:\/\/ehomtb.de\/wp-content\/uploads\/2020\/09\/P1220493a-150x84.jpg 150w, https:\/\/ehomtb.de\/wp-content\/uploads\/2020\/09\/P1220493a-768x432.jpg 768w\" sizes=\"(max-width: 1000px) 100vw, 1000px\" \/><br \/><\/em><em><br \/><strong>**************************************<\/strong><\/em><\/p>\n<p><em>Update am 27.06.2020 <\/em><em><br \/><strong>ehoMTB-Fahrtechniktraining Level 2<\/strong><strong><br \/><\/strong>F\u00fcr das zweite <a href=\"http:\/\/ehomtb.de\/?page_id=246\">Level 2-Training<\/a> am morgigen Sonntag um 9 Uhr, ist noch 1 Platz frei.<br \/>Infos siehe <a href=\"http:\/\/ehomtb.de\/?page_id=246\">hier\u2026<\/a>\u00a0\u00a0\u00a0 Anmeldung <a href=\"http:\/\/ehomtb.de\/?page_id=324\">hier\u2026<\/a><\/em><\/p>\n<p><strong>**************************************<\/strong><\/p>\n<p><em>Geschrieben am 21.06.2020 <\/em><em><br \/><strong>ehoMTB-Fahrtechniktraining Level 3 am 21. Juni<\/strong><strong><br \/><\/strong>Tiefer Boden, viele Dreckpf\u00fctzen, anspruchsvolle \u00dcbungen und 2 Bikerinnen und 6 Biker, die dabei super trainiert und gro\u00dfe Fortschritte gemacht haben.<br \/><img loading=\"lazy\" decoding=\"async\" class=\"aligncenter size-full wp-image-1002\" src=\"http:\/\/ehomtb.de\/wp-content\/uploads\/2020\/09\/P1220406a-scaled.jpg\" alt=\"\" width=\"2560\" height=\"1276\" srcset=\"https:\/\/ehomtb.de\/wp-content\/uploads\/2020\/09\/P1220406a-scaled.jpg 2560w, https:\/\/ehomtb.de\/wp-content\/uploads\/2020\/09\/P1220406a-300x150.jpg 300w, https:\/\/ehomtb.de\/wp-content\/uploads\/2020\/09\/P1220406a-1024x510.jpg 1024w, https:\/\/ehomtb.de\/wp-content\/uploads\/2020\/09\/P1220406a-150x75.jpg 150w, https:\/\/ehomtb.de\/wp-content\/uploads\/2020\/09\/P1220406a-768x383.jpg 768w, https:\/\/ehomtb.de\/wp-content\/uploads\/2020\/09\/P1220406a-1536x766.jpg 1536w, https:\/\/ehomtb.de\/wp-content\/uploads\/2020\/09\/P1220406a-2048x1021.jpg 2048w\" sizes=\"(max-width: 2560px) 100vw, 2560px\" \/><br \/><img loading=\"lazy\" decoding=\"async\" class=\"aligncenter size-full wp-image-1001\" src=\"http:\/\/ehomtb.de\/wp-content\/uploads\/2020\/09\/P1220397b.jpg\" alt=\"\" width=\"2514\" height=\"1227\" srcset=\"https:\/\/ehomtb.de\/wp-content\/uploads\/2020\/09\/P1220397b.jpg 2514w, https:\/\/ehomtb.de\/wp-content\/uploads\/2020\/09\/P1220397b-300x146.jpg 300w, https:\/\/ehomtb.de\/wp-content\/uploads\/2020\/09\/P1220397b-1024x500.jpg 1024w, https:\/\/ehomtb.de\/wp-content\/uploads\/2020\/09\/P1220397b-150x73.jpg 150w, https:\/\/ehomtb.de\/wp-content\/uploads\/2020\/09\/P1220397b-768x375.jpg 768w, https:\/\/ehomtb.de\/wp-content\/uploads\/2020\/09\/P1220397b-1536x750.jpg 1536w, https:\/\/ehomtb.de\/wp-content\/uploads\/2020\/09\/P1220397b-2048x1000.jpg 2048w\" sizes=\"(max-width: 2514px) 100vw, 2514px\" \/><br \/><\/em><em><br \/><strong>**************************************<\/strong><\/em><\/p>\n<p><em>Geschrieben am 20.06.2020 <\/em><em><br \/><strong>Level 2 MTB-Fahrtechniktraining am 20. Juni<\/strong><strong><br \/><\/strong>Ein gelungenes Training mit 8 sympathischen Bikern, die das ganze Programm super absolviert haben.<br \/>Auch das Wetter hat bis fast zum Schluss mitgemacht.<br \/><img loading=\"lazy\" decoding=\"async\" class=\"aligncenter size-full wp-image-1000\" src=\"http:\/\/ehomtb.de\/wp-content\/uploads\/2020\/09\/P1220392-scaled.jpg\" alt=\"\" width=\"2560\" height=\"1489\" srcset=\"https:\/\/ehomtb.de\/wp-content\/uploads\/2020\/09\/P1220392-scaled.jpg 2560w, https:\/\/ehomtb.de\/wp-content\/uploads\/2020\/09\/P1220392-300x174.jpg 300w, https:\/\/ehomtb.de\/wp-content\/uploads\/2020\/09\/P1220392-1024x596.jpg 1024w, https:\/\/ehomtb.de\/wp-content\/uploads\/2020\/09\/P1220392-150x87.jpg 150w, https:\/\/ehomtb.de\/wp-content\/uploads\/2020\/09\/P1220392-768x447.jpg 768w, https:\/\/ehomtb.de\/wp-content\/uploads\/2020\/09\/P1220392-1536x893.jpg 1536w, https:\/\/ehomtb.de\/wp-content\/uploads\/2020\/09\/P1220392-2048x1191.jpg 2048w\" sizes=\"(max-width: 2560px) 100vw, 2560px\" \/><br \/><\/em><em><br \/><\/em><strong>**************************************<\/strong><\/p>\n<p><em>Update am 18.06.2020 <\/em><em><br \/><strong>Weiterer Termin f\u00fcr Level 2 MTB-Fahrtechniktraining<\/strong><strong><br \/><\/strong>F\u00fcr ein weiteres <a href=\"http:\/\/ehomtb.de\/?page_id=246\">Level 2-Training<\/a> sind noch Anmeldungen m\u00f6glich.<br \/>Das Training findet am 28. Juni um 09 Uhr statt.<br \/>Bei Interesse bitte <a href=\"http:\/\/ehomtb.de\/?page_id=324\">hier anmelden\u2026<\/a><\/em><\/p>\n<p><strong>**************************************<\/strong><\/p>\n<p><em>Geschrieben am 14.06.2020 <\/em><em><br \/><strong>Individuelles MTB-Fahrtechniktraining am 13. Juni<\/strong><strong><br \/><\/strong>7 Freundinnen verbesserten bei hochsommerlichen Bedingungen und unter Einhaltung des Corona-Abstands ihre Fahrtechnik. Bei lockerer und unterhaltsamer Stimmung wurde sehr engagiert trainiert.<br \/><img loading=\"lazy\" decoding=\"async\" class=\"aligncenter size-full wp-image-999\" src=\"http:\/\/ehomtb.de\/wp-content\/uploads\/2020\/09\/P1220326a.jpg\" alt=\"\" width=\"1000\" height=\"434\" srcset=\"https:\/\/ehomtb.de\/wp-content\/uploads\/2020\/09\/P1220326a.jpg 1000w, https:\/\/ehomtb.de\/wp-content\/uploads\/2020\/09\/P1220326a-300x130.jpg 300w, https:\/\/ehomtb.de\/wp-content\/uploads\/2020\/09\/P1220326a-150x65.jpg 150w, https:\/\/ehomtb.de\/wp-content\/uploads\/2020\/09\/P1220326a-768x333.jpg 768w\" sizes=\"(max-width: 1000px) 100vw, 1000px\" \/><br \/><\/em><\/p>\n<p><strong>**************************************<\/strong><\/p>\n<p><em>Geschrieben am 12.06.2020 <\/em><em><br \/><strong>ehoMTB-Fahrtechniktraining Level 1 am 11. Juni<\/strong><strong><br \/><\/strong>Trotz Corona-Abstand ein gelungenes Training mit 8 ehrgeizigen MTB\u00b4lern<br \/><img loading=\"lazy\" decoding=\"async\" class=\"aligncenter size-full wp-image-998\" src=\"http:\/\/ehomtb.de\/wp-content\/uploads\/2020\/09\/P1220318a.jpg\" alt=\"\" width=\"1200\" height=\"460\" srcset=\"https:\/\/ehomtb.de\/wp-content\/uploads\/2020\/09\/P1220318a.jpg 1200w, https:\/\/ehomtb.de\/wp-content\/uploads\/2020\/09\/P1220318a-300x115.jpg 300w, https:\/\/ehomtb.de\/wp-content\/uploads\/2020\/09\/P1220318a-1024x393.jpg 1024w, https:\/\/ehomtb.de\/wp-content\/uploads\/2020\/09\/P1220318a-150x58.jpg 150w, https:\/\/ehomtb.de\/wp-content\/uploads\/2020\/09\/P1220318a-768x294.jpg 768w\" sizes=\"(max-width: 1200px) 100vw, 1200px\" \/><br \/><\/em><\/p>\n<p><strong>**************************************<\/strong><\/p>\n<p><em>Update am 12.06.2020 <\/em><em><br \/><strong>ehoMTB-Fahrtechniktraining<\/strong><strong><br \/><\/strong>Der neue Termin f\u00fcr Level 2 steht: 20.06.2020 \u2013 13 Uhr.<br \/>Infos siehe <a href=\"http:\/\/ehomtb.de\/?page_id=246\">hier\u2026<\/a><\/em><\/p>\n<p><strong>**************************************<\/strong><\/p>\n<p><em>Geschrieben am 31.05.2020<\/em><em><br \/><strong>ehoMTB-Fahrtechniktraining: Ab 8. Juni endlich m\u00f6glich!<\/strong><strong><br \/><\/strong>Die Termine werden zur Zeit geplant, mit den Teilnehmern abgestimmt und anschl. hier auf der Homepage unter <a href=\"http:\/\/ehomtb.de\/?page_id=115\">Events<\/a> ver\u00f6ffentlicht.<\/em><\/p>\n<p><strong>**************************************<\/strong><\/p>\n<p><em>Geschrieben am 07.05.2020<\/em><em><br \/><strong>ehoMTB-Fahrtechniktraining Individual abgesagt!<\/strong><strong><br \/><\/strong>Auch das Individual-Gruppentraining am 9. Mai muss wegen der aktuellen Coronabestimmungen leider ausfallen.<\/em><\/p>\n<p><em><strong>**************************************<\/strong><\/em><\/p>\n<p><em>Geschrieben am 17.04.2020<br \/><strong>ehoMTB-SaisonStartTour f\u00e4llt aus !<br \/><\/strong>Auch die SaisonStartTour 2020, geplant am 25. April,\u00a0 f\u00e4llt dem Coronavirus zum Opfer. <br \/>Biken ist ja dennoch m\u00f6glich. Also nutzt die M\u00f6glichkeit und das sch\u00f6ne Fr\u00fchlingswetter, und genie\u00dft die Touren durch die aufbl\u00fchende Natur!<br \/>Bleibt gesund!<\/em><\/p>\n<p><strong>**************************************<\/strong><\/p>\n<p><em>Geschrieben am 17.04.2020<br \/><strong>MTB-Fahrtechniktraining f\u00e4llt aus !<br \/><\/strong><\/em>Nach den aktuell g\u00fcltigen &#8211; und sicher notwendigen &#8211; Einschr\u00e4nkungen wegen Corona, m\u00fcssen die geplanten MTB-Fahrtechniktrainings am 26. April, am 2. und 3. Mai leider abgesagt werden.<\/p>\n<p>Das geplante individuelle Gruppentraining am 9. Mai bleibt vorerst bestehen.<br \/><em><br \/>Es ist toll, dass wir trotzdem biken und dabei den wunderbaren Fr\u00fchling intensiv genie\u00dfen k\u00f6nnen. <br \/>Viel Spa\u00df dabei, bleibt gesund und bis bald!<\/em><\/p>\n<p><strong>**************************************<\/strong><\/p>\n<p><em>Geschrieben am 07.03.2020<br \/><strong>MTB-Fahrtechniktraining wieder Pl\u00e4tze frei !<br \/><\/strong>F\u00fcr das Level 2-Training am 2. Mai sind 2 Pl\u00e4tze frei geworden.<br \/>Bitte <a href=\"http:\/\/ehomtb.de\/?page_id=246\">hier<\/a> klicken.<br \/><\/em><\/p>\n<p><strong>**************************************<\/strong><\/p>\n<p><em>Geschrieben am 02.03.2020<br \/><strong>Viele G\u00e4ste bei Filmvorf\u00fchrung!<br \/><\/strong>Um die 50 Besucher kamen am Samstag zum Kirchenwirt und sahen den Film<br \/>\u201eMountainbiken auf Mallorca \u2013 Aktive Senioren des Arnstorfer Radltreffs im Bikeurlaub\u201c<br \/>\u00dcber dieses gro\u00dfe Interesse habe ich mich sehr gefreut!<\/em><\/p>\n<p><strong>**************************************<\/strong><\/p>\n<p><em>Geschrieben am 29.02.2020<br \/><strong>Heute Filmvorf\u00fchrung!<br \/><\/strong>Am Samstag, den 29. Februar um 19 Uhr zeige ich beim Kirchenwirt in Arnstorf den Film<br \/>\u201eMountainbiken auf Mallorca \u2013 Aktive Senioren des Arnstorfer Radltreffs im Bikeurlaub\u201c<br \/>Dauer: Ca. 70 min.<br \/>Freier Eintritt!<\/em><\/p>\n<p><strong>**************************************<\/strong><\/p>\n<p><em>_Geschrieben am 23.12.2019<br \/><\/em><img loading=\"lazy\" decoding=\"async\" class=\"aligncenter size-full wp-image-963\" src=\"http:\/\/ehomtb.de\/wp-content\/uploads\/2019\/12\/15x10_2019_2.jpg\" alt=\"\" width=\"1772\" height=\"1181\" srcset=\"https:\/\/ehomtb.de\/wp-content\/uploads\/2019\/12\/15x10_2019_2.jpg 1772w, https:\/\/ehomtb.de\/wp-content\/uploads\/2019\/12\/15x10_2019_2-150x100.jpg 150w, https:\/\/ehomtb.de\/wp-content\/uploads\/2019\/12\/15x10_2019_2-300x200.jpg 300w, https:\/\/ehomtb.de\/wp-content\/uploads\/2019\/12\/15x10_2019_2-768x512.jpg 768w, https:\/\/ehomtb.de\/wp-content\/uploads\/2019\/12\/15x10_2019_2-1024x682.jpg 1024w, https:\/\/ehomtb.de\/wp-content\/uploads\/2019\/12\/15x10_2019_2-380x252.jpg 380w\" sizes=\"(max-width: 1772px) 100vw, 1772px\" \/><\/p>\n<p><strong>**************************************<\/strong><\/p>\n<p><em><br \/>_Geschrieben am 01.11.2019<br \/><\/em><strong>Die geplanten Termine f\u00fcr 2020 sind online<br \/><\/strong>Transalps, Fahrtechniktrainings, Touren, Radlerstammtische<br \/>Siehe <a href=\"http:\/\/ehomtb.de\/?page_id=115\" target=\"_blank\" rel=\"noopener noreferrer\">hier&#8230;<\/a><\/p>\n<p><strong>**************************************<br \/><\/strong><\/p>\n<p><em>Geschrieben am 18.10.2019<br \/><\/em><strong>35 Teilnehmer bei der ehoMTB-SommerSaisonAbschlussTour<br \/><\/strong>Das war Rekordbeteiligung und hat mich riesig gefreut!<br \/><img loading=\"lazy\" decoding=\"async\" class=\"aligncenter size-full wp-image-943\" src=\"http:\/\/ehomtb.de\/wp-content\/uploads\/2019\/10\/20190929_101315-HP.jpg\" alt=\"\" width=\"1400\" height=\"564\" srcset=\"https:\/\/ehomtb.de\/wp-content\/uploads\/2019\/10\/20190929_101315-HP.jpg 1400w, https:\/\/ehomtb.de\/wp-content\/uploads\/2019\/10\/20190929_101315-HP-150x60.jpg 150w, https:\/\/ehomtb.de\/wp-content\/uploads\/2019\/10\/20190929_101315-HP-300x121.jpg 300w, https:\/\/ehomtb.de\/wp-content\/uploads\/2019\/10\/20190929_101315-HP-768x309.jpg 768w, https:\/\/ehomtb.de\/wp-content\/uploads\/2019\/10\/20190929_101315-HP-1024x413.jpg 1024w\" sizes=\"(max-width: 1400px) 100vw, 1400px\" \/><\/p>\n<p><strong><img loading=\"lazy\" decoding=\"async\" class=\"aligncenter size-full wp-image-945\" src=\"http:\/\/ehomtb.de\/wp-content\/uploads\/2019\/10\/P1190995-HP.jpg\" alt=\"\" width=\"1400\" height=\"311\" srcset=\"https:\/\/ehomtb.de\/wp-content\/uploads\/2019\/10\/P1190995-HP.jpg 1400w, https:\/\/ehomtb.de\/wp-content\/uploads\/2019\/10\/P1190995-HP-150x33.jpg 150w, https:\/\/ehomtb.de\/wp-content\/uploads\/2019\/10\/P1190995-HP-300x67.jpg 300w, https:\/\/ehomtb.de\/wp-content\/uploads\/2019\/10\/P1190995-HP-768x171.jpg 768w, https:\/\/ehomtb.de\/wp-content\/uploads\/2019\/10\/P1190995-HP-1024x227.jpg 1024w\" sizes=\"(max-width: 1400px) 100vw, 1400px\" \/><\/strong><\/p>\n<p><strong><img loading=\"lazy\" decoding=\"async\" class=\"aligncenter size-full wp-image-946\" src=\"http:\/\/ehomtb.de\/wp-content\/uploads\/2019\/10\/P1200088-HP.jpg\" alt=\"\" width=\"1400\" height=\"512\" srcset=\"https:\/\/ehomtb.de\/wp-content\/uploads\/2019\/10\/P1200088-HP.jpg 1400w, https:\/\/ehomtb.de\/wp-content\/uploads\/2019\/10\/P1200088-HP-150x55.jpg 150w, https:\/\/ehomtb.de\/wp-content\/uploads\/2019\/10\/P1200088-HP-300x110.jpg 300w, https:\/\/ehomtb.de\/wp-content\/uploads\/2019\/10\/P1200088-HP-768x281.jpg 768w, https:\/\/ehomtb.de\/wp-content\/uploads\/2019\/10\/P1200088-HP-1024x374.jpg 1024w\" sizes=\"(max-width: 1400px) 100vw, 1400px\" \/><\/strong><\/p>\n<p><strong>**************************************<\/strong><\/p>\n<p><em>Update am 28.09.2019 &#8211; 19:30<\/em><i><br \/><\/i><strong>ehoMTB-SommerSaisonAbschlussTour<\/strong>&#8230;<br \/>&#8230;2019 am 29. Sept.<br \/>Start 10 Uhr bei <a href=\"http:\/\/www.radsport-rieger.de\">Radsport Rieger<\/a> in <a href=\"https:\/\/osm.org\/go\/0JMGqf9o0?m=\">Indersbach<\/a><\/p>\n<p>Einkehr mittags in der Alten M\u00fchle in Mamming.<br \/>Ziel der Tour ist wieder die <a href=\"http:\/\/www.radlerrast-haderer.de\/startseite\">Radlerrast Haderer<\/a> in <a href=\"https:\/\/osm.org\/go\/0JMBtuEGg?m=\">Simbach<\/a>. Von dort individuelle Heimfahrt.<br \/>Screenshot des m\u00f6glichen Streckenverlaufs: <a href=\"http:\/\/ehomtb.de\/wp-content\/uploads\/2019\/09\/SSAT2019-Screenshot.jpg\" target=\"_blank\" rel=\"noopener noreferrer\">hier klicken&#8230;<\/a><\/p>\n<p><strong>Ungef\u00e4hre Streckendaten:<\/strong><br \/>55 Km<br \/>900 Hm<br \/><strong>Wegbeschaffenheit:<\/strong> Alles was es bei uns gibt = abwechslungsreich!<\/p>\n<p><strong>Getr\u00e4nk<\/strong> und <strong>St\u00e4rkung<\/strong> f\u00fcr unterwegs nicht vergessen.<\/p>\n<p><strong>Es wird Tourentempo gefahren &#8211; kein Renntempo!<\/strong><\/p>\n<p><strong>Aktualisierte Infos<\/strong> &#8211; falls n\u00f6tig &#8211; an dieser Stelle (auch falls wegen Regen verschoben werden muss).<\/p>\n<p><strong>Download GPS-Track <a href=\"https:\/\/my.hidrive.com\/lnk\/UzASXhVR\" target=\"_blank\" rel=\"noopener noreferrer\">hier klicken&#8230;<\/a><br \/>Ein Track von Simbach nach Indersbach zur\u00fcck <a href=\"https:\/\/my.hidrive.com\/lnk\/n0gS3ucJ\" target=\"_blank\" rel=\"noopener noreferrer\">hier klicken&#8230;<\/a><\/strong><\/p>\n<p>Die Strecke ist nur mit einem Mountainbike zu bew\u00e4ltigen.<br \/>Auch E-MTB\u00b4s k\u00f6nnen gerne mitfahren \u2013 bitte jedoch dem Tempo der Muskelbiker anpassen.<br \/>Gerne d\u00fcrfen auch Eure Freunde mitfahren. Bedingung f\u00fcr alle: <strong>Nur mit HELM und auf eigenes Risiko!<\/strong><\/p>\n<p><b><\/b><strong>**************************************<\/strong><\/p>\n<p>\u00a0<\/p>\n<\/div><\/div>\n","protected":false},"excerpt":{"rendered":"<p>Aktuelles von ehoMountainbike Geschrieben am 15.04.2021 ehoMTB Fahrtechniktrainings abgesagtAlle f\u00fcr 2021 geplanten Fahrtechniktrainings sind hiermit coronabedingt abgesagt. ************************************** Geschrieben am 31.12.2020 ************************************** Geschrieben am 24.12.2020 ************************************** Geschrieben am 07.12.2020 Gutscheine als Weihnachtsgeschenk f\u00fcr MountainbikerF\u00fcr jede Art von Fahrtechniktraining k\u00f6nnen gerne Gutscheine ausgestellt werden.Diese sind nicht termingebunden und haben kein Verfalldatum!Schreibt mir einfach Euren Wunsch. Kontakt&#8230;<\/p>\n","protected":false},"author":1,"featured_media":0,"parent":0,"menu_order":0,"comment_status":"closed","ping_status":"closed","template":"","meta":{"footnotes":""},"_links":{"self":[{"href":"https:\/\/ehomtb.de\/index.php?rest_route=\/wp\/v2\/pages\/57"}],"collection":[{"href":"https:\/\/ehomtb.de\/index.php?rest_route=\/wp\/v2\/pages"}],"about":[{"href":"https:\/\/ehomtb.de\/index.php?rest_route=\/wp\/v2\/types\/page"}],"author":[{"embeddable":true,"href":"https:\/\/ehomtb.de\/index.php?rest_route=\/wp\/v2\/users\/1"}],"replies":[{"embeddable":true,"href":"https:\/\/ehomtb.de\/index.php?rest_route=%2Fwp%2Fv2%2Fcomments&post=57"}],"version-history":[{"count":142,"href":"https:\/\/ehomtb.de\/index.php?rest_route=\/wp\/v2\/pages\/57\/revisions"}],"predecessor-version":[{"id":1049,"href":"https:\/\/ehomtb.de\/index.php?rest_route=\/wp\/v2\/pages\/57\/revisions\/1049"}],"wp:attachment":[{"href":"https:\/\/ehomtb.de\/index.php?rest_route=%2Fwp%2Fv2%2Fmedia&parent=57"}],"curies":[{"name":"wp","href":"https:\/\/api.w.org\/{rel}","templated":true}]}}