{"id":593,"date":"2018-02-02T21:16:16","date_gmt":"2018-02-02T20:16:16","guid":{"rendered":"http:\/\/dev.ehomtb.de\/?page_id=593"},"modified":"2018-02-02T21:31:52","modified_gmt":"2018-02-02T20:31:52","slug":"kommentarregeln","status":"publish","type":"page","link":"https:\/\/ehomtb.de\/?page_id=593","title":{"rendered":"Kommentarregeln"},"content":{"rendered":"<h3><span style=\"color: #808080;\"><strong>Kommentarregeln<\/strong><\/span><\/h3>\n<h5><strong>Liebe Kommentarschreiber,<\/strong><\/h5>\n<p>ich freue mich auf Eure Beitr\u00e4ge. Bitte haltet aber folgende Regeln ein.<\/p>\n<h4><strong>Gesetze<\/strong><\/h4>\n<p>ehoMountainbike toleriert keine Nutzerbeitr\u00e4ge, die gegen geltende Gesetze versto\u00dfen. Ferner sind Obsz\u00f6nit\u00e4ten, Pornographie, Hasspropaganda, Aufforderungen zur Gewalt, Beleidigungen, Entw\u00fcrdigungen und Aufrufe zu Demonstrationen und Kundgebungen jeglicher politischer Richtung untersagt.<\/p>\n<h4><strong>Beleidigungen<\/strong><\/h4>\n<p>Beleidigungen haben in Kommentaren keinen Platz. Provokationen und Diskriminierungen auf Grund von sozialer Gruppe, Religion, Herkunft, Nationalit\u00e4t, Behinderung, Einkommensverh\u00e4ltnisse, sexueller Orientierung, Alter oder Geschlechts anderer Nutzer sind nicht gestattet.<\/p>\n<h4><strong>Rufsch\u00e4digung und Behauptungen<\/strong><\/h4>\n<p>Nicht pr\u00fcfbare Behauptungen negativer Art sind nicht erlaubt. Verleumdungen sowie gesch\u00e4fts- und rufsch\u00e4digende \u00c4u\u00dferungen d\u00fcrfen nicht verbreitet werden.<\/p>\n<h4><strong>Relevanz<\/strong><\/h4>\n<p>Dein Kommentar sollte sich ausschlie\u00dflich auf das Thema Mountainbiken und ehoMountainbike im weitesten Sinne beziehen.<\/p>\n<h4><strong>Urheberrecht und Zitate<\/strong><\/h4>\n<p>Die Rechte zur Verbreitung der von Dir ver\u00f6ffentlichten Inhalte m\u00fcssen bei Dir liegen. Solltest Du\u00a0 Zitate verwenden, kennzeichne diese bitte mit Anf\u00fchrungszeichen und Herkunftsangabe.<\/p>\n<h4>Werbung und kommerzielle Inhalte<\/h4>\n<p>Werbung und andere kommerzielle Inhalte sind in den Kommentaren nicht erlaubt. Pers\u00f6nliche und personenbezogene Daten d\u00fcrfen in Kommentaren nicht ver\u00f6ffentlicht werden.<\/p>\n<hr \/>\n<p>ehoMountainbike beh\u00e4lt sich vor, Kommentare, die keinen konstruktiven Beitrag zu Diskussionen im Rahmen o.g. Themen (siehe &#8222;Relevanz&#8220;) leisten und somit st\u00f6ren, nicht zu ver\u00f6ffentlichen oder bereits ver\u00f6ffentlichte Beitr\u00e4ge nachtr\u00e4glich zu entfernen.<\/p>\n<p>Das ausschlie\u00dfliche Nutzungsrecht Deiner Kommentare liegt bei ehoMountainbike.<\/p>\n<p>ehoMountainbike kann die Nutzerregeln jederzeit ver\u00e4ndern.<\/p>\n","protected":false},"excerpt":{"rendered":"<p>Kommentarregeln Liebe Kommentarschreiber, ich freue mich auf Eure Beitr\u00e4ge. Bitte haltet aber folgende Regeln ein. Gesetze ehoMountainbike toleriert keine Nutzerbeitr\u00e4ge, die gegen geltende Gesetze versto\u00dfen. Ferner sind Obsz\u00f6nit\u00e4ten, Pornographie, Hasspropaganda, Aufforderungen zur Gewalt, Beleidigungen, Entw\u00fcrdigungen und Aufrufe zu Demonstrationen und Kundgebungen jeglicher politischer Richtung untersagt. Beleidigungen Beleidigungen haben in Kommentaren keinen Platz. Provokationen und Diskriminierungen&#8230;<\/p>\n","protected":false},"author":1,"featured_media":0,"parent":0,"menu_order":0,"comment_status":"closed","ping_status":"closed","template":"","meta":{"footnotes":""},"_links":{"self":[{"href":"https:\/\/ehomtb.de\/index.php?rest_route=\/wp\/v2\/pages\/593"}],"collection":[{"href":"https:\/\/ehomtb.de\/index.php?rest_route=\/wp\/v2\/pages"}],"about":[{"href":"https:\/\/ehomtb.de\/index.php?rest_route=\/wp\/v2\/types\/page"}],"author":[{"embeddable":true,"href":"https:\/\/ehomtb.de\/index.php?rest_route=\/wp\/v2\/users\/1"}],"replies":[{"embeddable":true,"href":"https:\/\/ehomtb.de\/index.php?rest_route=%2Fwp%2Fv2%2Fcomments&post=593"}],"version-history":[{"count":6,"href":"https:\/\/ehomtb.de\/index.php?rest_route=\/wp\/v2\/pages\/593\/revisions"}],"predecessor-version":[{"id":602,"href":"https:\/\/ehomtb.de\/index.php?rest_route=\/wp\/v2\/pages\/593\/revisions\/602"}],"wp:attachment":[{"href":"https:\/\/ehomtb.de\/index.php?rest_route=%2Fwp%2Fv2%2Fmedia&parent=593"}],"curies":[{"name":"wp","href":"https:\/\/api.w.org\/{rel}","templated":true}]}}