{"id":685,"date":"2018-02-27T19:15:31","date_gmt":"2018-02-27T18:15:31","guid":{"rendered":"http:\/\/dev.ehomtb.de\/?page_id=685"},"modified":"2018-03-07T20:14:51","modified_gmt":"2018-03-07T19:14:51","slug":"agbs-fuer-fahrtechniktraining-und-touren","status":"publish","type":"page","link":"https:\/\/ehomtb.de\/?page_id=685","title":{"rendered":"AGB f\u00fcr Fahrtechniktraining und Touren"},"content":{"rendered":"<h3><span style=\"color: #808080;\"><strong>AGB f\u00fcr Fahrtechniktraining und Heimatbiken-Touren<\/strong><\/span><\/h3>\n<hr \/>\n<h4><strong>Fahrtechniktraining<\/strong><\/h4>\n<ol>\n<li>Das Training ist sehr praxisorientiert aufgebaut. Deshalb f\u00e4hrt der Trainer mit den Teilnehmern teils auf \u00f6ffentlichen Strassen, teils auf Feld- und Waldwegen zu den \u00dcbungspl\u00e4tzen. W\u00e4hrend dieser Fahrten ist gen\u00fcgend Abstand untereinander zu halten. Es werden keine Wettk\u00e4mpfe oder Downhillrennen ausgetragen. Bergab ist ein dem Tempo angepasster Sicherheitsabstand einzuhalten. Den Anweisungen des Trainers ist Folge zu leisten.<\/li>\n<li>Die Teilnahme erfolgt auf eigenes Risiko. Der Trainer haftet nur bei Sch\u00e4den, die er vors\u00e4tzlich oder grob fahrl\u00e4ssig herbei gef\u00fchrt hat.<br \/>\nF\u00fcr Sch\u00e4den, die dadurch entstehen, dass Weisungen des Trainers nicht Folge geleistet werden oder die jeweilige Stra\u00dfenverkehrsordnung nicht beachtet wird, besteht keine Haftung. F\u00fcr eventuelle Sch\u00e4den, die sich der Teilnehmer selbst oder anderen zuf\u00fcgt, ist dieser selbst verantwortlich.<\/li>\n<li>Sofern Trainingsumf\u00e4nge (nur Level 3) auf diversem Kiesgrubengel\u00e4nde stattfinden, ist zu beachten, dass ein Zutritt zu dieser Kiesgrube NUR f\u00fcr den Trainingsumfang gestattet ist. Jegliche Nutzung der Kiesgrube f\u00fcr private Zwecke ist vom Eigent\u00fcmer der Kiesgrube ausdr\u00fccklich untersagt. Die Nutzung der Kiesgrube f\u00fcr die Trainingszwecke ist zwischen ehoMountainbike und dem Eigent\u00fcmer vertraglich festgelegt und schlie\u00dft jegliche Haftung des Kiesgrubeneigent\u00fcmers ausdr\u00fccklich aus.<\/li>\n<li>Biken ist als Risikosportart eingestuft. Dass es dabei zu Unf\u00e4llen kommen kann, muss jedem Teilnehmer bewusst sein. Das Training und das Trainingsgel\u00e4nde sind so ausgew\u00e4hlt, dass diese Risiken minimiert sind.<br \/>\nDennoch muss sich jeder Teilnehmer der vorhandenen Gefahren bewusst sein. Diese k\u00f6nnen auch durch umsichtige Betreuung des Trainers nicht g\u00e4nzlich ausgeschlossen werden.<\/li>\n<li><strong>Es besteht Helmpflicht f\u00fcr alle Teilnehmer!<\/strong><br \/>\nTeilnehmer ohne Helm werden vom Training ausgeschlossen !!!<\/li>\n<li>An den MTB-Fahrtechniktrainings kann nur teilnehmen, wer voll fahrt\u00fcchtig ist. Jegliche Beeintr\u00e4chtigung der Fahrt\u00fcchtigkeit, insbesondere durch Alkohol, Medikamente oder Drogen, f\u00fchrt zum Ausschlu\u00df vom Training<\/li>\n<li>Teilnehmen kann man nur mit geeignetem Material. Das hei\u00dft: Dringend empfohlen ist ein Mountainbike mit gel\u00e4ndetauglicher Ausstattung. Dabei ist zu bedenken, dass das Training teilweise in unbefestigtem oder auch unwegsamem Gel\u00e4nde durchgef\u00fchrt wird. Zudem kann entsprechendes Wetter den Untergrund weicher, rutschiger und tiefer machen. Somit ist auf gutes Reifenmaterial besonders zu achten.<br \/>\nBei einem kurzen Check durch den Trainer vor Beginn des Trainings, wird die Ausstattung des Bikes begutachtet.<\/li>\n<li>Jeder Teilnehmer erkl\u00e4rt mit seiner Unterschrift auf dem Merkblatt, dass er diese AGB\u00b4s gelesen und akzeptiert hat und auf eigenes Risiko teilnimmt. (Das entsprechenden Merkblatt kann bei der Anmeldung heruntergeladen werden oder wird per Mail rechtzeitig vor dem Training an die Teilnehmer verschickt)<br \/>\nMit der Unterschrift wird weiter erkl\u00e4rt, dass dem Teilnehmer bekannt ist, dass bei Fahrten im Rahmen des Trainings auf \u00f6ffentlichen Stra\u00dfen und Wegen die StVO zu beachten ist.<\/li>\n<li>Sollte ein Teilnehmer an relevanten gesundheitlichen Beschwerden und\/oder k\u00f6rperlichen Beeintr\u00e4chtigungen leiden, bitte dies vor dem Training dem Trainer mitteilen, damit dieser gegebenenfalls schnell handeln kann.<\/li>\n<li>Beim Training werden Foto- und\/oder Videoaufnahmen von den Teilnehmern gemacht. Die Teilnehmer erkl\u00e4ren sich damit einverstanden, dass diese Aufnahmen f\u00fcr Werbezwecke (z.B. Abdruck der Fotos in Prospekten, Erstellung von Videos, Pr\u00e4sentation im Internet) und\/oder Diavortr\u00e4ge genutzt werden k\u00f6nnen, ohne dass die einzelne Einholung einer Einwilligung notwendig ist. Sollte ein Teilnehmer damit nicht einverstanden sein, so muss bis sp\u00e4testens Trainingsbeginn in schriftlicher Form widersprochen werden.<br \/>\nEine sorgf\u00e4ltige und verantwortungsvolle Auswahl geeigneter Fotos f\u00fcr o.g. Zwecke wird zugesichert.<\/li>\n<li>Die Geb\u00fchr f\u00fcr das Training ist entweder im Voraus auf das im o.g. Merkblatt angegebene Bankkonto zu \u00fcberweisen, oder direkt vor dem Training in bar dem Trainer zu \u00fcbergeben.<\/li>\n<li>Eine Teilnahme am Training ist nur m\u00f6glich, wenn das o.g. Merkblatt vom Teilnehmer <strong>unterschrieben ist und zu Beginn des Trainings vorliegt<\/strong>.\u00a0 Bei Minderj\u00e4hrigen ist die Unterschrift eines Erziehungsberechtigten erforderlich.<\/li>\n<\/ol>\n<p>&nbsp;<\/p>\n<h4><strong>Heimatbiken-Touren<\/strong><\/h4>\n<ol>\n<li>Die von ehoMountainbike angebotenen Touren f\u00fchren haupts\u00e4chlich \u00fcber Feld- Wald- und Forstwege abseits befahrener Stra\u00dfen. Dennoch wird auch mit den Teilnehmern teils auf \u00f6ffentlichen Stra\u00dfen gefahren. Hierbei sind die Teilnehmer eigenverantwortlich f\u00fcr die Einhaltung der g\u00fcltigen Stra\u00dfenverkehrsordnung. W\u00e4hrend aller Fahrten ist gen\u00fcgend Abstand untereinander zu halten. Es werden keine Wettk\u00e4mpfe oder Downhillrennen ausgetragen. Bergab ist ein Abstand von mindestens 20 m einzuhalten.<br \/>\nDen Anweisungen des Guides ist unbedingt Folge zu leisten.<\/li>\n<li>Die Teilnahme erfolgt auf eigenes Risiko. Der Guide haftet nur bei Sch\u00e4den, die er vors\u00e4tzlich oder grob fahrl\u00e4ssig herbei gef\u00fchrt hat.<br \/>\nF\u00fcr Sch\u00e4den, die dadurch entstehen, dass Weisungen des Guides nicht Folge geleistet werden oder die g\u00fcltige Stra\u00dfenverkehrsordnung nicht beachtet wird, besteht keine Haftung. F\u00fcr eventuelle Sch\u00e4den, die sich der Teilnehmer selbst oder anderen zuf\u00fcgt, ist dieser selbst verantwortlich.<\/li>\n<li>Biken ist als Risikosportart eingestuft. Dass es dabei zu Unf\u00e4llen kommen kann, muss jedem Teilnehmer bewusst sein. Deshalb muss sich jeder Teilnehmer der vorhandenen Gefahren bewusst sein. Diese k\u00f6nnen auch durch umsichtiges Handeln des Guides nicht ausgeschlossen werden.<\/li>\n<li><strong>Es besteht Helmpflicht f\u00fcr alle Teilnehmer!<\/strong><br \/>\nTeilnehmer ohne geeigneten Helm werden von der Tour ausgeschlossen !!!<\/li>\n<li>An den MTB-Heimatbiken-Touren kann nur teilnehmen, wer voll fahrt\u00fcchtig ist. Jegliche Beeintr\u00e4chtigung der Fahrt\u00fcchtigkeit, insbesondere durch Alkohol, Medikamente oder Drogen, f\u00fchrt zum Ausschlu\u00df von der Tour.<\/li>\n<li>Teilnehmen kann man nur mit geeignetem Material, das hei\u00dft, dringend empfohlen ist ein Mountainbike mit gel\u00e4ndetauglicher Ausstattung. Dabei ist zu bedenken, dass die Tour teilweise in unbefestigtem oder auch unwegsamem Gel\u00e4nde durchgef\u00fchrt wird und zudem schlechtes Wetter das Gel\u00e4nde weicher, rutschiger und tiefer machen kann. Somit ist auf gutes Reifenmaterial besonders zu achten.<br \/>\nBei einem kurzen Check durch den Guide vor Beginn der Tour, wird die Ausstattung des Bikes begutachtet.<\/li>\n<li>Jeder Teilnehmer erkl\u00e4rt mit seiner Unterschrift auf dem Merkblatt, dass er diese AGB\u00b4s gelesen und akzeptiert hat und auf eigenes Risiko teilnimmt. (Das entsprechenden Merkblatt kann bei der Anmeldung heruntergeladen werden oder wird per Mail rechtzeitig vor der Tour an die Teilnehmer verschickt)<br \/>\nMit der Unterschrift wird weiter erkl\u00e4rt, dass dem Teilnehmer bekannt ist, dass soweit die Tour \u00fcber \u00f6ffentliche Stra\u00dfen und Wege f\u00fchrt, die StVO zu beachten ist.<\/li>\n<li>Sollte ein Teilnehmer an relevanten gesundheitlichen Beschwerden und\/oder k\u00f6rperlichen Beeintr\u00e4chtigungen leiden, bitte dies vor der Tour dem Guide mitteilen, damit dieser gegebenenfalls schnell handeln kann.<\/li>\n<li>W\u00e4hrend der Tour werden Foto- und\/oder Videoaufnahmen von den Teilnehmern gemacht. Die TeilnehmerIhr erkl\u00e4ren sich damit einverstanden, dass diese Aufnahmen f\u00fcr Werbezwecke (z.B. Abdruck der Fotos in Prospekten, Erstellung von Videos, Pr\u00e4sentation im Internet) und\/oder Diavortr\u00e4ge genutzt werden k\u00f6nnen, ohne dass die einzelne Einholung einer Einwilligung notwendig ist.<br \/>\nSollte ein Teilnehmer damit nicht einverstanden sein, so muss bis sp\u00e4testens Tourbeginn in schriftlicher Form widersprochen werden.<br \/>\nEine sorgf\u00e4ltige und verantwortungsvolle Auswahl geeigneter Fotos f\u00fcr o.g. Zwecke wird zugesichert.<\/li>\n<li>Die Geb\u00fchr f\u00fcr die Tour ist von der Teilnehmerzahl abh\u00e4ngig. Da diese m\u00f6glicherweise erst kurz vor Tourbeginn feststeht, muss die Geb\u00fchr dem Guide vor Tourstart in bar bezahlt werden.<\/li>\n<li>Eine Teilnahme an der Tour ist nur m\u00f6glich, wenn o.g. Merkblatt vom Teilnehmer unterschrieben ist und zu Beginn der Tour beim Guide vorliegt.\u00a0 Bei Minderj\u00e4hrigen ist die Unterschrift eines Erziehungsberechtigten erforderlich.<\/li>\n<\/ol>\n","protected":false},"excerpt":{"rendered":"<p>AGB f\u00fcr Fahrtechniktraining und Heimatbiken-Touren Fahrtechniktraining Das Training ist sehr praxisorientiert aufgebaut. Deshalb f\u00e4hrt der Trainer mit den Teilnehmern teils auf \u00f6ffentlichen Strassen, teils auf Feld- und Waldwegen zu den \u00dcbungspl\u00e4tzen. W\u00e4hrend dieser Fahrten ist gen\u00fcgend Abstand untereinander zu halten. Es werden keine Wettk\u00e4mpfe oder Downhillrennen ausgetragen. Bergab ist ein dem Tempo angepasster Sicherheitsabstand einzuhalten&#8230;.<\/p>\n","protected":false},"author":1,"featured_media":0,"parent":0,"menu_order":0,"comment_status":"closed","ping_status":"closed","template":"","meta":{"footnotes":""},"_links":{"self":[{"href":"https:\/\/ehomtb.de\/index.php?rest_route=\/wp\/v2\/pages\/685"}],"collection":[{"href":"https:\/\/ehomtb.de\/index.php?rest_route=\/wp\/v2\/pages"}],"about":[{"href":"https:\/\/ehomtb.de\/index.php?rest_route=\/wp\/v2\/types\/page"}],"author":[{"embeddable":true,"href":"https:\/\/ehomtb.de\/index.php?rest_route=\/wp\/v2\/users\/1"}],"replies":[{"embeddable":true,"href":"https:\/\/ehomtb.de\/index.php?rest_route=%2Fwp%2Fv2%2Fcomments&post=685"}],"version-history":[{"count":15,"href":"https:\/\/ehomtb.de\/index.php?rest_route=\/wp\/v2\/pages\/685\/revisions"}],"predecessor-version":[{"id":707,"href":"https:\/\/ehomtb.de\/index.php?rest_route=\/wp\/v2\/pages\/685\/revisions\/707"}],"wp:attachment":[{"href":"https:\/\/ehomtb.de\/index.php?rest_route=%2Fwp%2Fv2%2Fmedia&parent=685"}],"curies":[{"name":"wp","href":"https:\/\/api.w.org\/{rel}","templated":true}]}}